{"id":940,"date":"2025-06-14T21:59:43","date_gmt":"2025-06-14T21:59:43","guid":{"rendered":"https:\/\/elmasnabazaar.com\/?post_type=product&#038;p=940"},"modified":"2025-06-21T22:35:26","modified_gmt":"2025-06-21T22:35:26","slug":"10","status":"publish","type":"product","link":"https:\/\/elmasnabazaar.com\/en\/product\/10\/","title":{"rendered":"Couffin \u00c9l\u00e9gant Doubl\u00e9 avec Anses Doubles  \u00d835 h25cm"},"content":{"rendered":"<p>Ce mod\u00e8le combine un int\u00e9rieur d\u00e9licatement doubl\u00e9 en tissu et une structure ext\u00e9rieure en fibre v\u00e9g\u00e9tale. Ses deux paires d\u2019anses le rendent tr\u00e8s fonctionnel. Un choix pratique pour les courses ou les pique-niques styl\u00e9s.<\/p>","protected":false},"excerpt":{"rendered":"<p>Ce mod\u00e8le combine un int\u00e9rieur d\u00e9licatement doubl\u00e9 en tissu et une structure ext\u00e9rieure en fibre v\u00e9g\u00e9tale. Ses deux paires d\u2019anses le rendent tr\u00e8s fonctionnel. Un choix pratique pour les courses ou les pique-niques styl\u00e9s.<\/p>","protected":false},"featured_media":881,"comment_status":"open","ping_status":"closed","template":"","meta":{"site-sidebar-layout":"default","site-content-layout":"","ast-site-content-layout":"default","site-content-style":"default","site-sidebar-style":"default","ast-global-header-display":"","ast-banner-title-visibility":"","ast-main-header-display":"","ast-hfb-above-header-display":"","ast-hfb-below-header-display":"","ast-hfb-mobile-header-display":"","site-post-title":"","ast-breadcrumbs-content":"","ast-featured-img":"","footer-sml-layout":"","ast-disable-related-posts":"","theme-transparent-header-meta":"default","adv-header-id-meta":"","stick-header-meta":"","header-above-stick-meta":"","header-main-stick-meta":"","header-below-stick-meta":"","astra-migrate-meta-layouts":"set","ast-page-background-enabled":"default","ast-page-background-meta":{"desktop":{"background-color":"var(--ast-global-color-4)","background-image":"","background-repeat":"repeat","background-position":"center center","background-size":"auto","background-attachment":"scroll","background-type":"","background-media":"","overlay-type":"","overlay-color":"","overlay-opacity":"","overlay-gradient":""},"tablet":{"background-color":"","background-image":"","background-repeat":"repeat","background-position":"center center","background-size":"auto","background-attachment":"scroll","background-type":"","background-media":"","overlay-type":"","overlay-color":"","overlay-opacity":"","overlay-gradient":""},"mobile":{"background-color":"","background-image":"","background-repeat":"repeat","background-position":"center center","background-size":"auto","background-attachment":"scroll","background-type":"","background-media":"","overlay-type":"","overlay-color":"","overlay-opacity":"","overlay-gradient":""}},"ast-content-background-meta":{"desktop":{"background-color":"var(--ast-global-color-5)","background-image":"","background-repeat":"repeat","background-position":"center center","background-size":"auto","background-attachment":"scroll","background-type":"","background-media":"","overlay-type":"","overlay-color":"","overlay-opacity":"","overlay-gradient":""},"tablet":{"background-color":"var(--ast-global-color-5)","background-image":"","background-repeat":"repeat","background-position":"center center","background-size":"auto","background-attachment":"scroll","background-type":"","background-media":"","overlay-type":"","overlay-color":"","overlay-opacity":"","overlay-gradient":""},"mobile":{"background-color":"var(--ast-global-color-5)","background-image":"","background-repeat":"repeat","background-position":"center center","background-size":"auto","background-attachment":"scroll","background-type":"","background-media":"","overlay-type":"","overlay-color":"","overlay-opacity":"","overlay-gradient":""}}},"product_brand":[],"product_cat":[40],"product_tag":[],"class_list":{"0":"post-940","1":"product","2":"type-product","3":"status-publish","4":"has-post-thumbnail","6":"product_cat-fibres-vegetales-osier","7":"desktop-align-left","8":"tablet-align-left","9":"mobile-align-left","11":"first","12":"instock","13":"shipping-taxable","14":"product-type-simple"},"yoast_head":"<!-- This site is optimized with the Yoast SEO plugin v26.4 - https:\/\/yoast.com\/wordpress\/plugins\/seo\/ -->\n<title>Couffin \u00c9l\u00e9gant Doubl\u00e9 avec Anses Doubles \u00d835 h25cm - ElMasnaBazaar<\/title>\n<meta name=\"robots\" content=\"index, follow, max-snippet:-1, max-image-preview:large, max-video-preview:-1\" \/>\n<link rel=\"canonical\" href=\"https:\/\/elmasnabazaar.com\/en\/product\/10\/\" \/>\n<meta property=\"og:locale\" content=\"en_GB\" \/>\n<meta property=\"og:type\" content=\"article\" \/>\n<meta property=\"og:title\" content=\"Couffin \u00c9l\u00e9gant Doubl\u00e9 avec Anses Doubles \u00d835 h25cm - ElMasnaBazaar\" \/>\n<meta property=\"og:description\" content=\"Ce mod\u00e8le combine un int\u00e9rieur d\u00e9licatement doubl\u00e9 en tissu et une structure ext\u00e9rieure en fibre v\u00e9g\u00e9tale. Ses deux paires d\u2019anses le rendent tr\u00e8s fonctionnel. Un choix pratique pour les courses ou les pique-niques styl\u00e9s.\" \/>\n<meta property=\"og:url\" content=\"https:\/\/elmasnabazaar.com\/en\/product\/10\/\" \/>\n<meta property=\"og:site_name\" content=\"ElMasnaBazaar\" \/>\n<meta property=\"article:publisher\" content=\"https:\/\/www.facebook.com\/profile.php?id=100082871965682\" \/>\n<meta property=\"article:modified_time\" content=\"2025-06-21T22:35:26+00:00\" \/>\n<meta property=\"og:image\" content=\"https:\/\/elmasnabazaar.com\/wp-content\/uploads\/2025\/06\/A-New-Design-29-Fait-avec-PosterMyWall.jpg\" \/>\n\t<meta property=\"og:image:width\" content=\"285\" \/>\n\t<meta property=\"og:image:height\" content=\"382\" \/>\n\t<meta property=\"og:image:type\" content=\"image\/jpeg\" \/>\n<meta name=\"twitter:card\" content=\"summary_large_image\" \/>\n<script type=\"application\/ld+json\" class=\"yoast-schema-graph\">{\"@context\":\"https:\/\/schema.org\",\"@graph\":[{\"@type\":\"WebPage\",\"@id\":\"https:\/\/elmasnabazaar.com\/product\/10\/\",\"url\":\"https:\/\/elmasnabazaar.com\/product\/10\/\",\"name\":\"Couffin \u00c9l\u00e9gant Doubl\u00e9 avec Anses Doubles \u00d835 h25cm - ElMasnaBazaar\",\"isPartOf\":{\"@id\":\"https:\/\/elmasnabazaar.com\/#website\"},\"primaryImageOfPage\":{\"@id\":\"https:\/\/elmasnabazaar.com\/product\/10\/#primaryimage\"},\"image\":{\"@id\":\"https:\/\/elmasnabazaar.com\/product\/10\/#primaryimage\"},\"thumbnailUrl\":\"https:\/\/elmasnabazaar.com\/wp-content\/uploads\/2025\/06\/A-New-Design-29-Fait-avec-PosterMyWall.jpg\",\"datePublished\":\"2025-06-14T21:59:43+00:00\",\"dateModified\":\"2025-06-21T22:35:26+00:00\",\"breadcrumb\":{\"@id\":\"https:\/\/elmasnabazaar.com\/product\/10\/#breadcrumb\"},\"inLanguage\":\"en-GB\",\"potentialAction\":[{\"@type\":\"ReadAction\",\"target\":[\"https:\/\/elmasnabazaar.com\/product\/10\/\"]}]},{\"@type\":\"ImageObject\",\"inLanguage\":\"en-GB\",\"@id\":\"https:\/\/elmasnabazaar.com\/product\/10\/#primaryimage\",\"url\":\"https:\/\/elmasnabazaar.com\/wp-content\/uploads\/2025\/06\/A-New-Design-29-Fait-avec-PosterMyWall.jpg\",\"contentUrl\":\"https:\/\/elmasnabazaar.com\/wp-content\/uploads\/2025\/06\/A-New-Design-29-Fait-avec-PosterMyWall.jpg\",\"width\":285,\"height\":382},{\"@type\":\"BreadcrumbList\",\"@id\":\"https:\/\/elmasnabazaar.com\/product\/10\/#breadcrumb\",\"itemListElement\":[{\"@type\":\"ListItem\",\"position\":1,\"name\":\"Home\",\"item\":\"https:\/\/elmasnabazaar.com\/\"},{\"@type\":\"ListItem\",\"position\":2,\"name\":\"Shop\",\"item\":\"https:\/\/elmasnabazaar.com\/shop\/\"},{\"@type\":\"ListItem\",\"position\":3,\"name\":\"Couffin \u00c9l\u00e9gant Doubl\u00e9 avec Anses Doubles \u00d835 h25cm\"}]},{\"@type\":\"WebSite\",\"@id\":\"https:\/\/elmasnabazaar.com\/#website\",\"url\":\"https:\/\/elmasnabazaar.com\/\",\"name\":\"ElMasnaBazaar\",\"description\":\"Artisanat local, beaut\u00c3\u00a9 durable\",\"publisher\":{\"@id\":\"https:\/\/elmasnabazaar.com\/#organization\"},\"potentialAction\":[{\"@type\":\"SearchAction\",\"target\":{\"@type\":\"EntryPoint\",\"urlTemplate\":\"https:\/\/elmasnabazaar.com\/?s={search_term_string}\"},\"query-input\":{\"@type\":\"PropertyValueSpecification\",\"valueRequired\":true,\"valueName\":\"search_term_string\"}}],\"inLanguage\":\"en-GB\"},{\"@type\":\"Organization\",\"@id\":\"https:\/\/elmasnabazaar.com\/#organization\",\"name\":\"ElMasnaBazaar\",\"url\":\"https:\/\/elmasnabazaar.com\/\",\"logo\":{\"@type\":\"ImageObject\",\"inLanguage\":\"en-GB\",\"@id\":\"https:\/\/elmasnabazaar.com\/#\/schema\/logo\/image\/\",\"url\":\"https:\/\/elmasnabazaar.com\/wp-content\/uploads\/2025\/05\/cropped-cropped-ChatGPT_Image_20_avr._2025__18_37_15-rPolice_sans_Serif_png-removebg-preview-2.png\",\"contentUrl\":\"https:\/\/elmasnabazaar.com\/wp-content\/uploads\/2025\/05\/cropped-cropped-ChatGPT_Image_20_avr._2025__18_37_15-rPolice_sans_Serif_png-removebg-preview-2.png\",\"width\":511,\"height\":297,\"caption\":\"ElMasnaBazaar\"},\"image\":{\"@id\":\"https:\/\/elmasnabazaar.com\/#\/schema\/logo\/image\/\"},\"sameAs\":[\"https:\/\/www.facebook.com\/profile.php?id=100082871965682\",\"https:\/\/www.instagram.com\/elmasnabazaar?fbclid=IwY2xjawOcV91leHRuA2FlbQIxMABicmlkETF5OVBVYVhMNTA0V3hqUU5Bc3J0YwZhcHBfaWQQMjIyMDM5MTc4ODIwMDg5MgABHplI3Bh_ir2qi4IibsMtNW6qL0OQxlTS_YjrhrXElWv8EYiDSOsZ9mXwLyBm_aem_KUkU5WPn2z2bPIvIkSjeYg\"]}]}<\/script>\n<!-- \/ Yoast SEO plugin. -->","yoast_head_json":{"title":"Couffin \u00c9l\u00e9gant Doubl\u00e9 avec Anses Doubles \u00d835 h25cm - ElMasnaBazaar","robots":{"index":"index","follow":"follow","max-snippet":"max-snippet:-1","max-image-preview":"max-image-preview:large","max-video-preview":"max-video-preview:-1"},"canonical":"https:\/\/elmasnabazaar.com\/en\/product\/10\/","og_locale":"en_GB","og_type":"article","og_title":"Couffin \u00c9l\u00e9gant Doubl\u00e9 avec Anses Doubles \u00d835 h25cm - ElMasnaBazaar","og_description":"Ce mod\u00e8le combine un int\u00e9rieur d\u00e9licatement doubl\u00e9 en tissu et une structure ext\u00e9rieure en fibre v\u00e9g\u00e9tale. Ses deux paires d\u2019anses le rendent tr\u00e8s fonctionnel. Un choix pratique pour les courses ou les pique-niques styl\u00e9s.","og_url":"https:\/\/elmasnabazaar.com\/en\/product\/10\/","og_site_name":"ElMasnaBazaar","article_publisher":"https:\/\/www.facebook.com\/profile.php?id=100082871965682","article_modified_time":"2025-06-21T22:35:26+00:00","og_image":[{"width":285,"height":382,"url":"https:\/\/elmasnabazaar.com\/wp-content\/uploads\/2025\/06\/A-New-Design-29-Fait-avec-PosterMyWall.jpg","type":"image\/jpeg"}],"twitter_card":"summary_large_image","schema":{"@context":"https:\/\/schema.org","@graph":[{"@type":"WebPage","@id":"https:\/\/elmasnabazaar.com\/product\/10\/","url":"https:\/\/elmasnabazaar.com\/product\/10\/","name":"Couffin \u00c9l\u00e9gant Doubl\u00e9 avec Anses Doubles \u00d835 h25cm - ElMasnaBazaar","isPartOf":{"@id":"https:\/\/elmasnabazaar.com\/#website"},"primaryImageOfPage":{"@id":"https:\/\/elmasnabazaar.com\/product\/10\/#primaryimage"},"image":{"@id":"https:\/\/elmasnabazaar.com\/product\/10\/#primaryimage"},"thumbnailUrl":"https:\/\/elmasnabazaar.com\/wp-content\/uploads\/2025\/06\/A-New-Design-29-Fait-avec-PosterMyWall.jpg","datePublished":"2025-06-14T21:59:43+00:00","dateModified":"2025-06-21T22:35:26+00:00","breadcrumb":{"@id":"https:\/\/elmasnabazaar.com\/product\/10\/#breadcrumb"},"inLanguage":"en-GB","potentialAction":[{"@type":"ReadAction","target":["https:\/\/elmasnabazaar.com\/product\/10\/"]}]},{"@type":"ImageObject","inLanguage":"en-GB","@id":"https:\/\/elmasnabazaar.com\/product\/10\/#primaryimage","url":"https:\/\/elmasnabazaar.com\/wp-content\/uploads\/2025\/06\/A-New-Design-29-Fait-avec-PosterMyWall.jpg","contentUrl":"https:\/\/elmasnabazaar.com\/wp-content\/uploads\/2025\/06\/A-New-Design-29-Fait-avec-PosterMyWall.jpg","width":285,"height":382},{"@type":"BreadcrumbList","@id":"https:\/\/elmasnabazaar.com\/product\/10\/#breadcrumb","itemListElement":[{"@type":"ListItem","position":1,"name":"Home","item":"https:\/\/elmasnabazaar.com\/"},{"@type":"ListItem","position":2,"name":"Shop","item":"https:\/\/elmasnabazaar.com\/shop\/"},{"@type":"ListItem","position":3,"name":"Couffin \u00c9l\u00e9gant Doubl\u00e9 avec Anses Doubles \u00d835 h25cm"}]},{"@type":"WebSite","@id":"https:\/\/elmasnabazaar.com\/#website","url":"https:\/\/elmasnabazaar.com\/","name":"ElMasnaBazaar","description":"Artisanat local, beaut\u00c3\u00a9 durable","publisher":{"@id":"https:\/\/elmasnabazaar.com\/#organization"},"potentialAction":[{"@type":"SearchAction","target":{"@type":"EntryPoint","urlTemplate":"https:\/\/elmasnabazaar.com\/?s={search_term_string}"},"query-input":{"@type":"PropertyValueSpecification","valueRequired":true,"valueName":"search_term_string"}}],"inLanguage":"en-GB"},{"@type":"Organization","@id":"https:\/\/elmasnabazaar.com\/#organization","name":"ElMasnaBazaar","url":"https:\/\/elmasnabazaar.com\/","logo":{"@type":"ImageObject","inLanguage":"en-GB","@id":"https:\/\/elmasnabazaar.com\/#\/schema\/logo\/image\/","url":"https:\/\/elmasnabazaar.com\/wp-content\/uploads\/2025\/05\/cropped-cropped-ChatGPT_Image_20_avr._2025__18_37_15-rPolice_sans_Serif_png-removebg-preview-2.png","contentUrl":"https:\/\/elmasnabazaar.com\/wp-content\/uploads\/2025\/05\/cropped-cropped-ChatGPT_Image_20_avr._2025__18_37_15-rPolice_sans_Serif_png-removebg-preview-2.png","width":511,"height":297,"caption":"ElMasnaBazaar"},"image":{"@id":"https:\/\/elmasnabazaar.com\/#\/schema\/logo\/image\/"},"sameAs":["https:\/\/www.facebook.com\/profile.php?id=100082871965682","https:\/\/www.instagram.com\/elmasnabazaar?fbclid=IwY2xjawOcV91leHRuA2FlbQIxMABicmlkETF5OVBVYVhMNTA0V3hqUU5Bc3J0YwZhcHBfaWQQMjIyMDM5MTc4ODIwMDg5MgABHplI3Bh_ir2qi4IibsMtNW6qL0OQxlTS_YjrhrXElWv8EYiDSOsZ9mXwLyBm_aem_KUkU5WPn2z2bPIvIkSjeYg"]}]}},"_links":{"self":[{"href":"https:\/\/elmasnabazaar.com\/en\/wp-json\/wp\/v2\/product\/940","targetHints":{"allow":["GET"]}}],"collection":[{"href":"https:\/\/elmasnabazaar.com\/en\/wp-json\/wp\/v2\/product"}],"about":[{"href":"https:\/\/elmasnabazaar.com\/en\/wp-json\/wp\/v2\/types\/product"}],"replies":[{"embeddable":true,"href":"https:\/\/elmasnabazaar.com\/en\/wp-json\/wp\/v2\/comments?post=940"}],"wp:featuredmedia":[{"embeddable":true,"href":"https:\/\/elmasnabazaar.com\/en\/wp-json\/wp\/v2\/media\/881"}],"wp:attachment":[{"href":"https:\/\/elmasnabazaar.com\/en\/wp-json\/wp\/v2\/media?parent=940"}],"wp:term":[{"taxonomy":"product_brand","embeddable":true,"href":"https:\/\/elmasnabazaar.com\/en\/wp-json\/wp\/v2\/product_brand?post=940"},{"taxonomy":"product_cat","embeddable":true,"href":"https:\/\/elmasnabazaar.com\/en\/wp-json\/wp\/v2\/product_cat?post=940"},{"taxonomy":"product_tag","embeddable":true,"href":"https:\/\/elmasnabazaar.com\/en\/wp-json\/wp\/v2\/product_tag?post=940"}],"curies":[{"name":"wp","href":"https:\/\/api.w.org\/{rel}","templated":true}]}}